{"id":20,"date":"2022-10-01T09:04:21","date_gmt":"2022-10-01T07:04:21","guid":{"rendered":"http:\/\/madent.e-brzesko.pl\/?page_id=20"},"modified":"2022-10-05T16:22:30","modified_gmt":"2022-10-05T14:22:30","slug":"aktualnosci","status":"publish","type":"page","link":"https:\/\/madent.e-brzesko.pl\/?page_id=20","title":{"rendered":"Aktualno\u015bci"},"content":{"rendered":"\t\t<div data-elementor-type=\"wp-page\" data-elementor-id=\"20\" class=\"elementor elementor-20\">\n\t\t\t\t\t\t<section class=\"elementor-section elementor-top-section elementor-element elementor-element-0d51b42 elementor-section-boxed elementor-section-height-default elementor-section-height-default\" data-id=\"0d51b42\" data-element_type=\"section\">\n\t\t\t\t\t\t<div class=\"elementor-container elementor-column-gap-default\">\n\t\t\t\t\t<div class=\"elementor-column elementor-col-100 elementor-top-column elementor-element elementor-element-fbc22b3\" data-id=\"fbc22b3\" data-element_type=\"column\">\n\t\t\t<div class=\"elementor-widget-wrap elementor-element-populated\">\n\t\t\t\t\t\t<div class=\"elementor-element elementor-element-65beefe elementor-widget elementor-widget-heading\" data-id=\"65beefe\" data-element_type=\"widget\" data-widget_type=\"heading.default\">\n\t\t\t\t<div class=\"elementor-widget-container\">\n\t\t\t\t\t<h2 class=\"elementor-heading-title elementor-size-default\">Informacje<\/h2>\t\t\t\t<\/div>\n\t\t\t\t<\/div>\n\t\t\t\t<div class=\"elementor-element elementor-element-2ba0a77 elementor-widget elementor-widget-text-editor\" data-id=\"2ba0a77\" data-element_type=\"widget\" data-widget_type=\"text-editor.default\">\n\t\t\t\t<div class=\"elementor-widget-container\">\n\t\t\t\t\t\t\t\t\t<p><strong>Informacje o wp\u0142ywie dzia\u0142alno\u015bci wykonywanej przez jednostk\u0119 organizacyjn\u0105 na zdrowie ludzi i \u015brodowisko<\/strong><\/p>\t\t\t\t\t\t\t\t<\/div>\n\t\t\t\t<\/div>\n\t\t\t\t<div class=\"elementor-element elementor-element-87a760d elementor-widget elementor-widget-text-editor\" data-id=\"87a760d\" data-element_type=\"widget\" data-widget_type=\"text-editor.default\">\n\t\t\t\t<div class=\"elementor-widget-container\">\n\t\t\t\t\t\t\t\t\t<p>Nazwa jednostki organizacyjnej: NZOZ MADENT<\/p>\t\t\t\t\t\t\t\t<\/div>\n\t\t\t\t<\/div>\n\t\t\t\t<div class=\"elementor-element elementor-element-48b2aea elementor-widget elementor-widget-text-editor\" data-id=\"48b2aea\" data-element_type=\"widget\" data-widget_type=\"text-editor.default\">\n\t\t\t\t<div class=\"elementor-widget-container\">\n\t\t\t\t\t\t\t\t\t<p>Podstawa prawna: ustawa prawo atomowe Dz. U. 2019 poz 1792 zgodnie z artyku\u0142em\u00a0 32c pkt.2<\/p><p>Jednostka wykonuje dzia\u0142alno\u015b\u0107 zwi\u0105zan\u0105 z nara\u017ceniem na promieniowanie jonizuj\u0105ce, polegaj\u0105ce na:<br \/>uruchamianiu i stosowaniu urz\u0105dze\u0144 wytwarzaj\u0105cych promieniowanie jonizuj\u0105ce.<br \/>Zezwolenie PWTS\/aparat rtg SIRONA<\/p><p>\u00a0<\/p><p>Na podstawie zmierzonych i obliczonych dawek stwierdza si\u0119 \u017ce dzia\u0142alno\u015b\u0107\u00a0 w minionych 12 miesi\u0105cach nie mia\u0142a negatywnego wp\u0142ywu na \u015brodowisko.<\/p><p>Pracowania nie uwalnia do \u015brodowiska substancji promieniotw\u00f3rczych.<\/p>\t\t\t\t\t\t\t\t<\/div>\n\t\t\t\t<\/div>\n\t\t\t\t\t<\/div>\n\t\t<\/div>\n\t\t\t\t\t<\/div>\n\t\t<\/section>\n\t\t\t\t<\/div>\n\t\t","protected":false},"excerpt":{"rendered":"<p>Informacje Informacje o wp\u0142ywie dzia\u0142alno\u015bci wykonywanej przez jednostk\u0119 organizacyjn\u0105 na zdrowie ludzi i \u015brodowisko Nazwa jednostki organizacyjnej: NZOZ MADENT Podstawa prawna: ustawa prawo atomowe Dz. U. 2019 poz 1792 zgodnie z artyku\u0142em\u00a0 32c pkt.2 Jednostka wykonuje dzia\u0142alno\u015b\u0107 zwi\u0105zan\u0105 z nara\u017ceniem na promieniowanie jonizuj\u0105ce, polegaj\u0105ce na:uruchamianiu i stosowaniu urz\u0105dze\u0144 wytwarzaj\u0105cych promieniowanie jonizuj\u0105ce.Zezwolenie PWTS\/aparat rtg SIRONA \u00a0 [&hellip;]<\/p>\n","protected":false},"author":1,"featured_media":0,"parent":0,"menu_order":0,"comment_status":"closed","ping_status":"closed","template":"elementor_header_footer","meta":{"footnotes":""},"class_list":["post-20","page","type-page","status-publish","hentry"],"_links":{"self":[{"href":"https:\/\/madent.e-brzesko.pl\/index.php?rest_route=\/wp\/v2\/pages\/20","targetHints":{"allow":["GET"]}}],"collection":[{"href":"https:\/\/madent.e-brzesko.pl\/index.php?rest_route=\/wp\/v2\/pages"}],"about":[{"href":"https:\/\/madent.e-brzesko.pl\/index.php?rest_route=\/wp\/v2\/types\/page"}],"author":[{"embeddable":true,"href":"https:\/\/madent.e-brzesko.pl\/index.php?rest_route=\/wp\/v2\/users\/1"}],"replies":[{"embeddable":true,"href":"https:\/\/madent.e-brzesko.pl\/index.php?rest_route=%2Fwp%2Fv2%2Fcomments&post=20"}],"version-history":[{"count":13,"href":"https:\/\/madent.e-brzesko.pl\/index.php?rest_route=\/wp\/v2\/pages\/20\/revisions"}],"predecessor-version":[{"id":104,"href":"https:\/\/madent.e-brzesko.pl\/index.php?rest_route=\/wp\/v2\/pages\/20\/revisions\/104"}],"wp:attachment":[{"href":"https:\/\/madent.e-brzesko.pl\/index.php?rest_route=%2Fwp%2Fv2%2Fmedia&parent=20"}],"curies":[{"name":"wp","href":"https:\/\/api.w.org\/{rel}","templated":true}]}}