{"id":28,"date":"2022-10-01T09:05:44","date_gmt":"2022-10-01T07:05:44","guid":{"rendered":"http:\/\/madent.e-brzesko.pl\/?page_id=28"},"modified":"2025-11-03T11:53:38","modified_gmt":"2025-11-03T10:53:38","slug":"kontakt","status":"publish","type":"page","link":"https:\/\/madent.e-brzesko.pl\/?page_id=28","title":{"rendered":"Kontakt"},"content":{"rendered":"\t\t<div data-elementor-type=\"wp-page\" data-elementor-id=\"28\" class=\"elementor elementor-28\">\n\t\t\t\t\t\t<section class=\"elementor-section elementor-top-section elementor-element elementor-element-88e820d elementor-section-boxed elementor-section-height-default elementor-section-height-default\" data-id=\"88e820d\" data-element_type=\"section\">\n\t\t\t\t\t\t<div class=\"elementor-container elementor-column-gap-default\">\n\t\t\t\t\t<div class=\"elementor-column elementor-col-33 elementor-top-column elementor-element elementor-element-e49786a\" data-id=\"e49786a\" data-element_type=\"column\">\n\t\t\t<div class=\"elementor-widget-wrap elementor-element-populated\">\n\t\t\t\t\t\t<div class=\"elementor-element elementor-element-7733db8 elementor-widget elementor-widget-text-editor\" data-id=\"7733db8\" data-element_type=\"widget\" data-widget_type=\"text-editor.default\">\n\t\t\t\t<div class=\"elementor-widget-container\">\n\t\t\t\t\t\t\t\t\t<p>NZOZ Madent<\/p><p>\u00a0Pl K. Wielkiego 3<br \/><span style=\"font-size: inherit; text-align: inherit; color: var( --e-global-color-text ); font-family: var( --e-global-typography-text-font-family ), Sans-serif; font-weight: var( --e-global-typography-text-font-weight ); letter-spacing: -0.015em;\">(galeria Stara \u0141a\u017ania)\u00a0<br \/><\/span><span style=\"font-size: inherit; text-align: inherit; color: var( --e-global-color-text ); font-family: var( --e-global-typography-text-font-family ), Sans-serif; font-weight: var( --e-global-typography-text-font-weight ); letter-spacing: -0.015em;\">32-800 Brzesko<\/span><\/p><p><strong>tel. +48 606 713 119<\/strong><\/p>\t\t\t\t\t\t\t\t<\/div>\n\t\t\t\t<\/div>\n\t\t\t\t<div class=\"elementor-element elementor-element-7e727fd elementor-widget elementor-widget-text-editor\" data-id=\"7e727fd\" data-element_type=\"widget\" data-widget_type=\"text-editor.default\">\n\t\t\t\t<div class=\"elementor-widget-container\">\n\t\t\t\t\t\t\t\t\t<p class=\"oh-title\"><strong>Godziny otwarcia:<\/strong><\/p>\n<div>\n<p class=\"oh-entry\"><span class=\"oh-label\">Poniedzia\u0142ek &#8211; <\/span><span class=\"oh-value\">12:00 -18:00<\/span><\/p>\n<p class=\"oh-entry\"><span class=\"oh-label\">Wtorek-&nbsp; <\/span><span class=\"oh-value\">07:30 -13:30<\/span><\/p>\n<p class=\"oh-entry visible-lg-inline-block\"><span class=\"oh-label\">\u015aroda &#8211; <\/span><span class=\"oh-value\">nieczynne<\/span><\/p>\n<p class=\"oh-entry\"><span class=\"oh-label\">Czwartek &#8211; <\/span><span class=\"oh-value\">13:15 -19:15<\/span><\/p>\n<p class=\"oh-entry\"><span class=\"oh-label\">Pi\u0105tek &#8211; <\/span><span class=\"oh-value\">07:30 -13:40<\/span><\/p>\n<\/div>\t\t\t\t\t\t\t\t<\/div>\n\t\t\t\t<\/div>\n\t\t\t\t\t<\/div>\n\t\t<\/div>\n\t\t\t\t<div class=\"elementor-column elementor-col-33 elementor-top-column elementor-element elementor-element-6173e2a\" data-id=\"6173e2a\" data-element_type=\"column\">\n\t\t\t<div class=\"elementor-widget-wrap elementor-element-populated\">\n\t\t\t\t\t\t<div class=\"elementor-element elementor-element-b03544c elementor-widget elementor-widget-text-editor\" data-id=\"b03544c\" data-element_type=\"widget\" data-widget_type=\"text-editor.default\">\n\t\t\t\t<div class=\"elementor-widget-container\">\n\t\t\t\t\t\t\t\t\t<p>NZOZ Madent<\/p><p>Gnojnik<br \/>(O\u015brodek zdrowia)<\/p><p><strong>tel. +48 606 713 119<\/strong><\/p>\t\t\t\t\t\t\t\t<\/div>\n\t\t\t\t<\/div>\n\t\t\t\t<div class=\"elementor-element elementor-element-22e513e elementor-widget elementor-widget-text-editor\" data-id=\"22e513e\" data-element_type=\"widget\" data-widget_type=\"text-editor.default\">\n\t\t\t\t<div class=\"elementor-widget-container\">\n\t\t\t\t\t\t\t\t\t<p class=\"oh-title\"><strong>Godziny otwarcia:<\/strong><\/p>\n<div>\n<p class=\"oh-entry\"><span class=\"oh-label\">Poniedzia\u0142ek &#8211; 09<\/span><span class=\"oh-value\">:00 -11:30<\/span><\/p>\n<p class=\"oh-entry visible-lg-inline-block\"><span class=\"oh-label\">\u015aroda &#8211; 12:00 -18.00<\/span><\/p>\n<p class=\"oh-entry\"><span class=\"oh-label\">Czwartek &#8211; <\/span><span class=\"oh-value\">08:00 -12:00<\/span><\/p>\n<\/div>\t\t\t\t\t\t\t\t<\/div>\n\t\t\t\t<\/div>\n\t\t\t\t\t<\/div>\n\t\t<\/div>\n\t\t\t\t<div class=\"elementor-column elementor-col-33 elementor-top-column elementor-element elementor-element-0adaa8f\" data-id=\"0adaa8f\" data-element_type=\"column\">\n\t\t\t<div class=\"elementor-widget-wrap elementor-element-populated\">\n\t\t\t\t\t\t<div class=\"elementor-element elementor-element-5b1c352 elementor-widget elementor-widget-google_maps\" data-id=\"5b1c352\" data-element_type=\"widget\" data-widget_type=\"google_maps.default\">\n\t\t\t\t<div class=\"elementor-widget-container\">\n\t\t\t\t\t\t\t<div class=\"elementor-custom-embed\">\n\t\t\t<iframe loading=\"lazy\"\n\t\t\t\t\tsrc=\"https:\/\/maps.google.com\/maps?q=Brzesko%20Plac%20Kazimierza%20wielkiego%203&#038;t=m&#038;z=16&#038;output=embed&#038;iwloc=near\"\n\t\t\t\t\ttitle=\"Brzesko Plac Kazimierza wielkiego 3\"\n\t\t\t\t\taria-label=\"Brzesko Plac Kazimierza wielkiego 3\"\n\t\t\t><\/iframe>\n\t\t<\/div>\n\t\t\t\t\t\t<\/div>\n\t\t\t\t<\/div>\n\t\t\t\t\t<\/div>\n\t\t<\/div>\n\t\t\t\t\t<\/div>\n\t\t<\/section>\n\t\t\t\t<\/div>\n\t\t","protected":false},"excerpt":{"rendered":"<p>NZOZ Madent \u00a0Pl K. Wielkiego 3(galeria Stara \u0141a\u017ania)\u00a032-800 Brzesko tel. +48 606 713 119 Godziny otwarcia: Poniedzia\u0142ek &#8211; 12:00 -18:00 Wtorek-&nbsp; 07:30 -13:30 \u015aroda &#8211; nieczynne Czwartek &#8211; 13:15 -19:15 Pi\u0105tek &#8211; 07:30 -13:40 NZOZ Madent Gnojnik(O\u015brodek zdrowia) tel. +48 606 713 119 Godziny otwarcia: Poniedzia\u0142ek &#8211; 09:00 -11:30 \u015aroda &#8211; 12:00 -18.00 Czwartek &#8211; [&hellip;]<\/p>\n","protected":false},"author":1,"featured_media":0,"parent":0,"menu_order":0,"comment_status":"closed","ping_status":"closed","template":"elementor_header_footer","meta":{"footnotes":""},"class_list":["post-28","page","type-page","status-publish","hentry"],"_links":{"self":[{"href":"https:\/\/madent.e-brzesko.pl\/index.php?rest_route=\/wp\/v2\/pages\/28","targetHints":{"allow":["GET"]}}],"collection":[{"href":"https:\/\/madent.e-brzesko.pl\/index.php?rest_route=\/wp\/v2\/pages"}],"about":[{"href":"https:\/\/madent.e-brzesko.pl\/index.php?rest_route=\/wp\/v2\/types\/page"}],"author":[{"embeddable":true,"href":"https:\/\/madent.e-brzesko.pl\/index.php?rest_route=\/wp\/v2\/users\/1"}],"replies":[{"embeddable":true,"href":"https:\/\/madent.e-brzesko.pl\/index.php?rest_route=%2Fwp%2Fv2%2Fcomments&post=28"}],"version-history":[{"count":25,"href":"https:\/\/madent.e-brzesko.pl\/index.php?rest_route=\/wp\/v2\/pages\/28\/revisions"}],"predecessor-version":[{"id":138,"href":"https:\/\/madent.e-brzesko.pl\/index.php?rest_route=\/wp\/v2\/pages\/28\/revisions\/138"}],"wp:attachment":[{"href":"https:\/\/madent.e-brzesko.pl\/index.php?rest_route=%2Fwp%2Fv2%2Fmedia&parent=28"}],"curies":[{"name":"wp","href":"https:\/\/api.w.org\/{rel}","templated":true}]}}